{"id":421,"date":"2010-10-27T10:44:52","date_gmt":"2010-10-27T08:44:52","guid":{"rendered":"http:\/\/lehrgemeinschaft-kreuzberg.de\/?page_id=421"},"modified":"2011-11-21T01:41:15","modified_gmt":"2011-11-20T23:41:15","slug":"download","status":"publish","type":"page","link":"http:\/\/lehrgemeinschaft-kreuzberg.de\/?page_id=421","title":{"rendered":"LG-Download"},"content":{"rendered":"<div align=\"justify\">\nAuf dieser Seiten bieten wir Euch die M\u00f6glichkeit, n\u00fctzliche Informationen herunterzuladen.<\/div>\n<p>&nbsp;<br \/>\n&nbsp;<\/p>\n<table  style=\"width: 100%;\">\n<tr>\n<td style=\"width: 20px;\">\n<hr>\n<\/td>\n<td  style=\"font-size: 14px;\"><b>F\u00fcr alle Schiedsrichter<\/b><\/td>\n<td style=\"width: 295px;\">\n<hr>\n<\/td>\n<\/tr>\n<tr>\n<td colspan=\"3\" align=\"center\">&nbsp;<\/p>\n<table width=\"100%\">\n<tr>\n<td align=\"center\"><a target=\"_blank\" href=\"download\/Hinweise zum Erstellen eines Sonderberichts.pdf\"><img decoding=\"async\" src=\"bilder\/icon_pdf.png\"><\/a><\/td>\n<td align=\"center\"><a target=\"_blank\" href=\"download\/LG AB 02, Unbespielbarkeit des Platzes.pdf\"><img decoding=\"async\" src=\"bilder\/icon_pdf.png\"><\/a><\/td>\n<td align=\"center\"><a target=\"_blank\" href=\"download\/LG AB 03, Satzung, Ordnung, Spielbericht.pdf\"><img decoding=\"async\" src=\"bilder\/icon_pdf.png\"><\/a><\/td>\n<\/tr>\n<tr>\n<td align=\"center\"><a target=\"_blank\" href=\"download\/Hinweise zum Erstellen eines Sonderberichts.pdf\">Hinweise zum Erstellen eines Sonderberichts<\/a><\/td>\n<td align=\"center\"><a target=\"_blank\" href=\"download\/LG AB 02, Unbespielbarkeit des Platzes.pdf.\">Unbespielbarkeit des Platzes<\/a><\/td>\n<td align=\"center\"><a target=\"_blank\" href=\"download\/LG AB 03, Satzung, Ordnung, Spielbericht.pdf\">Satzung, Ordnung, Spielbetrieb<\/a><\/td>\n<\/tr>\n<\/table>\n<\/td>\n<\/tr>\n<\/table>\n<p>&nbsp;<br \/>\n&nbsp;<\/p>\n<table  style=\"width: 100%;\">\n<tr>\n<td style=\"width: 20px;\">\n<hr>\n<\/td>\n<td  style=\"font-size: 14px;\"><b>F\u00fcr neue Schiedsrichter<\/b><\/td>\n<td style=\"width: 285px;\">\n<hr>\n<\/td>\n<\/tr>\n<tr>\n<td colspan=\"3\">&nbsp;<\/p>\n<table width=\"100%\">\n<tr>\n<td align=\"center\"><a href=\"download\/neusr_fragebogen.pdf\"><img decoding=\"async\" src=\"bilder\/icon_pdf.png\"><\/a><\/td>\n<\/tr>\n<tr>\n<td align=\"center\"><a href=\"download\/neusr_fragebogen.pdf\">Fragebogen<\/a><\/td>\n<\/tr>\n<\/table>\n<p>&nbsp;<br \/>\n&nbsp;\n<\/td>\n<\/tr>\n<\/table>\n<p>&nbsp;<br \/>\n&nbsp;<\/p>\n<table  style=\"width: 100%;\">\n<tr>\n<td style=\"width: 20px;\">\n<hr>\n<\/td>\n<td  style=\"font-size: 14px;\"><b>F\u00fcr Paten<\/b><\/td>\n<td style=\"width: 390px;\">\n<hr>\n<\/td>\n<\/tr>\n<tr>\n<td colspan=\"3\">&nbsp;<\/p>\n<table width=\"100%\">\n<tr>\n<td align=\"center\"><a href=\"download\/Patenschaftsbogen.dotx\"><img decoding=\"async\" src=\"bilder\/icon_docx.png\"><\/a><\/td>\n<td align=\"center\"><a href=\"download\/Abrechnungsbogen Patenschaften.dotx\"><img decoding=\"async\" src=\"bilder\/icon_docx.png\"><\/a><\/td>\n<\/tr>\n<tr>\n<td align=\"center\"><a href=\"download\/Patenschaftsbogen.dotx\">Patenschaftsbogen<\/a><\/td>\n<td align=\"center\"><a href=\"download\/Abrechnungsbogen Patenschaften.dotx\">Abrechnungsbogen<\/a><\/td>\n<\/tr>\n<\/table>\n<p>&nbsp;<br \/>\n&nbsp;\n<\/td>\n<\/tr>\n<\/table>\n<p>&nbsp;<br \/>\n&nbsp;<\/p>\n","protected":false},"excerpt":{"rendered":"<p>Auf dieser Seiten bieten wir Euch die M\u00f6glichkeit, n\u00fctzliche Informationen herunterzuladen. &nbsp; &nbsp; F\u00fcr alle Schiedsrichter &nbsp; Hinweise zum Erstellen eines Sonderberichts Unbespielbarkeit des Platzes Satzung, Ordnung, Spielbetrieb &nbsp; &nbsp; F\u00fcr neue Schiedsrichter &nbsp; Fragebogen &nbsp; &nbsp; &nbsp; &nbsp; F\u00fcr Paten &nbsp; Patenschaftsbogen Abrechnungsbogen &nbsp; &nbsp; &nbsp; &nbsp;<\/p>\n","protected":false},"author":1,"featured_media":0,"parent":0,"menu_order":6,"comment_status":"open","ping_status":"closed","template":"","meta":[],"_links":{"self":[{"href":"http:\/\/lehrgemeinschaft-kreuzberg.de\/index.php?rest_route=\/wp\/v2\/pages\/421"}],"collection":[{"href":"http:\/\/lehrgemeinschaft-kreuzberg.de\/index.php?rest_route=\/wp\/v2\/pages"}],"about":[{"href":"http:\/\/lehrgemeinschaft-kreuzberg.de\/index.php?rest_route=\/wp\/v2\/types\/page"}],"author":[{"embeddable":true,"href":"http:\/\/lehrgemeinschaft-kreuzberg.de\/index.php?rest_route=\/wp\/v2\/users\/1"}],"replies":[{"embeddable":true,"href":"http:\/\/lehrgemeinschaft-kreuzberg.de\/index.php?rest_route=%2Fwp%2Fv2%2Fcomments&post=421"}],"version-history":[{"count":8,"href":"http:\/\/lehrgemeinschaft-kreuzberg.de\/index.php?rest_route=\/wp\/v2\/pages\/421\/revisions"}],"predecessor-version":[{"id":431,"href":"http:\/\/lehrgemeinschaft-kreuzberg.de\/index.php?rest_route=\/wp\/v2\/pages\/421\/revisions\/431"}],"wp:attachment":[{"href":"http:\/\/lehrgemeinschaft-kreuzberg.de\/index.php?rest_route=%2Fwp%2Fv2%2Fmedia&parent=421"}],"curies":[{"name":"wp","href":"https:\/\/api.w.org\/{rel}","templated":true}]}}